{"id":632,"date":"2022-02-17T12:18:03","date_gmt":"2022-02-17T11:18:03","guid":{"rendered":"https:\/\/www.scotta.it\/?page_id=632"},"modified":"2022-02-23T10:39:45","modified_gmt":"2022-02-23T09:39:45","slug":"autres-services","status":"publish","type":"page","link":"https:\/\/www.scotta.it\/fr\/autres-services\/","title":{"rendered":"Autres services"},"content":{"rendered":"<p>Gr\u00e2ce \u00e0 l&rsquo;utilisation de nouvelles technologies, il est possible de construire des centrales efficaces dans une large gamme de tailles, de la petite centrale de 2KW \u00e0 celle de plusieurs MW.<\/p>\n<p>L&rsquo;exp\u00e9rience de SCOTTA dans ce domaine et dans d&rsquo;autres domaines de la production d&rsquo;\u00e9nergie est une garantie pour le client qu&rsquo;il peut choisir le syst\u00e8me le mieux adapt\u00e9 \u00e0 ses besoins.<\/p>\n","protected":false},"excerpt":{"rendered":"<p>Gr\u00e2ce \u00e0 l&rsquo;utilisation de nouvelles technologies, il est possible de construire des centrales efficaces dans une large gamme de tailles, [&hellip;]<\/p>\n","protected":false},"author":1,"featured_media":0,"parent":0,"menu_order":0,"comment_status":"closed","ping_status":"closed","template":"FR-tmp-altro.php","meta":{"footnotes":""},"class_list":["post-632","page","type-page","status-publish","hentry"],"acf":[],"_links":{"self":[{"href":"https:\/\/www.scotta.it\/fr\/wp-json\/wp\/v2\/pages\/632","targetHints":{"allow":["GET"]}}],"collection":[{"href":"https:\/\/www.scotta.it\/fr\/wp-json\/wp\/v2\/pages"}],"about":[{"href":"https:\/\/www.scotta.it\/fr\/wp-json\/wp\/v2\/types\/page"}],"author":[{"embeddable":true,"href":"https:\/\/www.scotta.it\/fr\/wp-json\/wp\/v2\/users\/1"}],"replies":[{"embeddable":true,"href":"https:\/\/www.scotta.it\/fr\/wp-json\/wp\/v2\/comments?post=632"}],"version-history":[{"count":2,"href":"https:\/\/www.scotta.it\/fr\/wp-json\/wp\/v2\/pages\/632\/revisions"}],"predecessor-version":[{"id":844,"href":"https:\/\/www.scotta.it\/fr\/wp-json\/wp\/v2\/pages\/632\/revisions\/844"}],"wp:attachment":[{"href":"https:\/\/www.scotta.it\/fr\/wp-json\/wp\/v2\/media?parent=632"}],"curies":[{"name":"wp","href":"https:\/\/api.w.org\/{rel}","templated":true}]}}