{"id":625,"date":"2022-02-17T11:43:11","date_gmt":"2022-02-17T10:43:11","guid":{"rendered":"https:\/\/www.scotta.it\/?page_id=625"},"modified":"2022-02-23T10:39:12","modified_gmt":"2022-02-23T09:39:12","slug":"supervision","status":"publish","type":"page","link":"https:\/\/www.scotta.it\/fr\/supervision\/","title":{"rendered":"Supervision"},"content":{"rendered":"<p>Depuis 15 ans, SCOTTA d\u00e9veloppe des logiciels d&rsquo;automatisation pour optimiser le fonctionnement et le contr\u00f4le \u00e0 distance de toutes sortes d&rsquo;installations.<\/p>\n","protected":false},"excerpt":{"rendered":"<p>Depuis 15 ans, SCOTTA d\u00e9veloppe des logiciels d&rsquo;automatisation pour optimiser le fonctionnement et le contr\u00f4le \u00e0 distance de toutes sortes [&hellip;]<\/p>\n","protected":false},"author":1,"featured_media":0,"parent":0,"menu_order":0,"comment_status":"closed","ping_status":"closed","template":"FR-tmp-supervisione.php","meta":{"footnotes":""},"class_list":["post-625","page","type-page","status-publish","hentry"],"acf":[],"_links":{"self":[{"href":"https:\/\/www.scotta.it\/fr\/wp-json\/wp\/v2\/pages\/625","targetHints":{"allow":["GET"]}}],"collection":[{"href":"https:\/\/www.scotta.it\/fr\/wp-json\/wp\/v2\/pages"}],"about":[{"href":"https:\/\/www.scotta.it\/fr\/wp-json\/wp\/v2\/types\/page"}],"author":[{"embeddable":true,"href":"https:\/\/www.scotta.it\/fr\/wp-json\/wp\/v2\/users\/1"}],"replies":[{"embeddable":true,"href":"https:\/\/www.scotta.it\/fr\/wp-json\/wp\/v2\/comments?post=625"}],"version-history":[{"count":2,"href":"https:\/\/www.scotta.it\/fr\/wp-json\/wp\/v2\/pages\/625\/revisions"}],"predecessor-version":[{"id":843,"href":"https:\/\/www.scotta.it\/fr\/wp-json\/wp\/v2\/pages\/625\/revisions\/843"}],"wp:attachment":[{"href":"https:\/\/www.scotta.it\/fr\/wp-json\/wp\/v2\/media?parent=625"}],"curies":[{"name":"wp","href":"https:\/\/api.w.org\/{rel}","templated":true}]}}