{"id":619,"date":"2022-02-17T11:06:39","date_gmt":"2022-02-17T10:06:39","guid":{"rendered":"https:\/\/www.scotta.it\/?page_id=619"},"modified":"2022-02-23T10:38:54","modified_gmt":"2022-02-23T09:38:54","slug":"photovoltaique","status":"publish","type":"page","link":"https:\/\/www.scotta.it\/fr\/photovoltaique\/","title":{"rendered":"Photovolta\u00efque"},"content":{"rendered":"<p>SCOTTA est tourn\u00e9e vers l&rsquo;avenir et cherche donc constamment \u00e0 diversifier son portefeuille de projets et de syst\u00e8mes de production d&rsquo;\u00e9nergie. C&rsquo;est pourquoi SCOTTA est \u00e9galement impliqu\u00e9e dans le d\u00e9veloppement de projets photovolta\u00efques au Chili et plus r\u00e9cemment en Italie.<\/p>\n<p>En collaboration avec des entreprises sp\u00e9cialis\u00e9es dans le d\u00e9veloppement de projets photovolta\u00efques, nous avons d\u00e9velopp\u00e9 un portefeuille int\u00e9ressant de projets pr\u00e9vus dans la zone centrale et septentrionale du Chili, en Italie et dans d&rsquo;autres pays o\u00f9 nous op\u00e9rons d\u00e9j\u00e0 avec d&rsquo;autres types de services.<\/p>\n","protected":false},"excerpt":{"rendered":"<p>SCOTTA est tourn\u00e9e vers l&rsquo;avenir et cherche donc constamment \u00e0 diversifier son portefeuille de projets et de syst\u00e8mes de production [&hellip;]<\/p>\n","protected":false},"author":1,"featured_media":0,"parent":0,"menu_order":0,"comment_status":"closed","ping_status":"closed","template":"FR-tmp-fotovoltaico.php","meta":{"footnotes":""},"class_list":["post-619","page","type-page","status-publish","hentry"],"acf":[],"_links":{"self":[{"href":"https:\/\/www.scotta.it\/fr\/wp-json\/wp\/v2\/pages\/619","targetHints":{"allow":["GET"]}}],"collection":[{"href":"https:\/\/www.scotta.it\/fr\/wp-json\/wp\/v2\/pages"}],"about":[{"href":"https:\/\/www.scotta.it\/fr\/wp-json\/wp\/v2\/types\/page"}],"author":[{"embeddable":true,"href":"https:\/\/www.scotta.it\/fr\/wp-json\/wp\/v2\/users\/1"}],"replies":[{"embeddable":true,"href":"https:\/\/www.scotta.it\/fr\/wp-json\/wp\/v2\/comments?post=619"}],"version-history":[{"count":2,"href":"https:\/\/www.scotta.it\/fr\/wp-json\/wp\/v2\/pages\/619\/revisions"}],"predecessor-version":[{"id":842,"href":"https:\/\/www.scotta.it\/fr\/wp-json\/wp\/v2\/pages\/619\/revisions\/842"}],"wp:attachment":[{"href":"https:\/\/www.scotta.it\/fr\/wp-json\/wp\/v2\/media?parent=619"}],"curies":[{"name":"wp","href":"https:\/\/api.w.org\/{rel}","templated":true}]}}