{"id":613,"date":"2022-02-17T09:47:42","date_gmt":"2022-02-17T08:47:42","guid":{"rendered":"https:\/\/www.scotta.it\/?page_id=613"},"modified":"2022-02-23T10:38:36","modified_gmt":"2022-02-23T09:38:36","slug":"assistance-et-maintenance","status":"publish","type":"page","link":"https:\/\/www.scotta.it\/fr\/hydroelectrique\/assistance-et-maintenance\/","title":{"rendered":"Assistance et maintenance"},"content":{"rendered":"<p>Tout le savoir-faire et l&rsquo;exp\u00e9rience acquis au cours d&rsquo;ann\u00e9es de d\u00e9veloppement, d&rsquo;ing\u00e9nierie, de montage, de construction, d&rsquo;exploitation et de maintenance de centrales hydro\u00e9lectriques ont \u00e9t\u00e9 rassembl\u00e9s dans une unit\u00e9 sp\u00e9cialis\u00e9e dans l&rsquo;exploitation et la maintenance.<\/p>\n<p>De la gestion quotidienne de la centrale \u00e9lectrique \u00e0 la formulation des rapports de facturation pour la vente de l&rsquo;\u00e9nergie, en passant par tous les services n\u00e9cessaires pour r\u00e9duire les temps d&rsquo;arr\u00eat de la centrale et maximiser la production de la centrale de charge.<\/p>\n<p>Un certain nombre d&rsquo;activit\u00e9s sont essentielles au bon fonctionnement et \u00e0 la rentabilit\u00e9 de l&rsquo;usine.<\/p>\n","protected":false},"excerpt":{"rendered":"<p>Tout le savoir-faire et l&rsquo;exp\u00e9rience acquis au cours d&rsquo;ann\u00e9es de d\u00e9veloppement, d&rsquo;ing\u00e9nierie, de montage, de construction, d&rsquo;exploitation et de maintenance [&hellip;]<\/p>\n","protected":false},"author":1,"featured_media":0,"parent":587,"menu_order":0,"comment_status":"closed","ping_status":"closed","template":"FR-tmp-assistenza-e-manutenzione.php","meta":{"footnotes":""},"class_list":["post-613","page","type-page","status-publish","hentry"],"acf":[],"_links":{"self":[{"href":"https:\/\/www.scotta.it\/fr\/wp-json\/wp\/v2\/pages\/613","targetHints":{"allow":["GET"]}}],"collection":[{"href":"https:\/\/www.scotta.it\/fr\/wp-json\/wp\/v2\/pages"}],"about":[{"href":"https:\/\/www.scotta.it\/fr\/wp-json\/wp\/v2\/types\/page"}],"author":[{"embeddable":true,"href":"https:\/\/www.scotta.it\/fr\/wp-json\/wp\/v2\/users\/1"}],"replies":[{"embeddable":true,"href":"https:\/\/www.scotta.it\/fr\/wp-json\/wp\/v2\/comments?post=613"}],"version-history":[{"count":3,"href":"https:\/\/www.scotta.it\/fr\/wp-json\/wp\/v2\/pages\/613\/revisions"}],"predecessor-version":[{"id":841,"href":"https:\/\/www.scotta.it\/fr\/wp-json\/wp\/v2\/pages\/613\/revisions\/841"}],"up":[{"embeddable":true,"href":"https:\/\/www.scotta.it\/fr\/wp-json\/wp\/v2\/pages\/587"}],"wp:attachment":[{"href":"https:\/\/www.scotta.it\/fr\/wp-json\/wp\/v2\/media?parent=613"}],"curies":[{"name":"wp","href":"https:\/\/api.w.org\/{rel}","templated":true}]}}