{"id":601,"date":"2022-02-17T08:45:27","date_gmt":"2022-02-17T07:45:27","guid":{"rendered":"https:\/\/www.scotta.it\/?page_id=601"},"modified":"2022-02-23T10:37:32","modified_gmt":"2022-02-23T09:37:32","slug":"solutions-epc","status":"publish","type":"page","link":"https:\/\/www.scotta.it\/fr\/hydroelectrique\/solutions-epc\/","title":{"rendered":"Solutions EPC"},"content":{"rendered":"<p>Une planification compl\u00e8te du projet est la base du succ\u00e8s. Pour cela, notre \u00e9quipe hautement qualifi\u00e9e planifie, teste et con\u00e7oit chaque projet de mani\u00e8re professionnelle, jusque dans les moindres d\u00e9tails. Les discussions avec les clients permettent de recueillir des id\u00e9es et des exigences et d&rsquo;\u00e9laborer des plans de mise en \u0153uvre en cons\u00e9quence.<\/p>\n<p>Les dessins en deux et trois dimensions permettent d&rsquo;optimiser l&rsquo;\u00e9quipement dans la phase de planification, ce qui constitue la base d&rsquo;un plan d&rsquo;installation correct et de la planification d\u00e9taill\u00e9e de la centrale \u00e9lectrique.<\/p>\n","protected":false},"excerpt":{"rendered":"<p>Une planification compl\u00e8te du projet est la base du succ\u00e8s. Pour cela, notre \u00e9quipe hautement qualifi\u00e9e planifie, teste et con\u00e7oit [&hellip;]<\/p>\n","protected":false},"author":1,"featured_media":0,"parent":587,"menu_order":0,"comment_status":"closed","ping_status":"closed","template":"FR-tmp-soluzioni-EPC.php","meta":{"footnotes":""},"class_list":["post-601","page","type-page","status-publish","hentry"],"acf":[],"_links":{"self":[{"href":"https:\/\/www.scotta.it\/fr\/wp-json\/wp\/v2\/pages\/601","targetHints":{"allow":["GET"]}}],"collection":[{"href":"https:\/\/www.scotta.it\/fr\/wp-json\/wp\/v2\/pages"}],"about":[{"href":"https:\/\/www.scotta.it\/fr\/wp-json\/wp\/v2\/types\/page"}],"author":[{"embeddable":true,"href":"https:\/\/www.scotta.it\/fr\/wp-json\/wp\/v2\/users\/1"}],"replies":[{"embeddable":true,"href":"https:\/\/www.scotta.it\/fr\/wp-json\/wp\/v2\/comments?post=601"}],"version-history":[{"count":2,"href":"https:\/\/www.scotta.it\/fr\/wp-json\/wp\/v2\/pages\/601\/revisions"}],"predecessor-version":[{"id":838,"href":"https:\/\/www.scotta.it\/fr\/wp-json\/wp\/v2\/pages\/601\/revisions\/838"}],"up":[{"embeddable":true,"href":"https:\/\/www.scotta.it\/fr\/wp-json\/wp\/v2\/pages\/587"}],"wp:attachment":[{"href":"https:\/\/www.scotta.it\/fr\/wp-json\/wp\/v2\/media?parent=601"}],"curies":[{"name":"wp","href":"https:\/\/api.w.org\/{rel}","templated":true}]}}