{"id":593,"date":"2022-02-17T08:19:55","date_gmt":"2022-02-17T07:19:55","guid":{"rendered":"https:\/\/www.scotta.it\/?page_id=593"},"modified":"2022-02-23T10:37:12","modified_gmt":"2022-02-23T09:37:12","slug":"water-to-wire","status":"publish","type":"page","link":"https:\/\/www.scotta.it\/fr\/hydroelectrique\/water-to-wire\/","title":{"rendered":"Water to wire"},"content":{"rendered":"<p>Un service complet.<br \/>\n\u00c9co-durabilit\u00e9 et performance \u00e9conomique. C&rsquo;est la synth\u00e8se que SCOTTA met en \u0153uvre dans la conception et la r\u00e9alisation de centrales hydro\u00e9lectriques, le c\u0153ur de m\u00e9tier de l&rsquo;entreprise, gr\u00e2ce \u00e0 ses trente ans d&rsquo;exp\u00e9rience et \u00e0 plus de 350 centrales construites depuis 1990.<\/p>\n","protected":false},"excerpt":{"rendered":"<p>Un service complet. \u00c9co-durabilit\u00e9 et performance \u00e9conomique. C&rsquo;est la synth\u00e8se que SCOTTA met en \u0153uvre dans la conception et la [&hellip;]<\/p>\n","protected":false},"author":1,"featured_media":0,"parent":587,"menu_order":0,"comment_status":"closed","ping_status":"closed","template":"FR-tmp-water-to-wire.php","meta":{"footnotes":""},"class_list":["post-593","page","type-page","status-publish","hentry"],"acf":[],"_links":{"self":[{"href":"https:\/\/www.scotta.it\/fr\/wp-json\/wp\/v2\/pages\/593","targetHints":{"allow":["GET"]}}],"collection":[{"href":"https:\/\/www.scotta.it\/fr\/wp-json\/wp\/v2\/pages"}],"about":[{"href":"https:\/\/www.scotta.it\/fr\/wp-json\/wp\/v2\/types\/page"}],"author":[{"embeddable":true,"href":"https:\/\/www.scotta.it\/fr\/wp-json\/wp\/v2\/users\/1"}],"replies":[{"embeddable":true,"href":"https:\/\/www.scotta.it\/fr\/wp-json\/wp\/v2\/comments?post=593"}],"version-history":[{"count":3,"href":"https:\/\/www.scotta.it\/fr\/wp-json\/wp\/v2\/pages\/593\/revisions"}],"predecessor-version":[{"id":837,"href":"https:\/\/www.scotta.it\/fr\/wp-json\/wp\/v2\/pages\/593\/revisions\/837"}],"up":[{"embeddable":true,"href":"https:\/\/www.scotta.it\/fr\/wp-json\/wp\/v2\/pages\/587"}],"wp:attachment":[{"href":"https:\/\/www.scotta.it\/fr\/wp-json\/wp\/v2\/media?parent=593"}],"curies":[{"name":"wp","href":"https:\/\/api.w.org\/{rel}","templated":true}]}}