{"id":587,"date":"2022-02-16T18:07:00","date_gmt":"2022-02-16T17:07:00","guid":{"rendered":"https:\/\/www.scotta.it\/?page_id=587"},"modified":"2022-02-23T10:36:43","modified_gmt":"2022-02-23T09:36:43","slug":"hydroelectrique","status":"publish","type":"page","link":"https:\/\/www.scotta.it\/fr\/hydroelectrique\/","title":{"rendered":"Hydro\u00e9lectrique"},"content":{"rendered":"<p>Plus de trente ans d&rsquo;exp\u00e9rience ont permis au groupe de consolider les pratiques op\u00e9rationnelles qui lui permettent d&rsquo;offrir diff\u00e9rents types de services pour l&rsquo;hydro\u00e9lectricit\u00e9.<\/p>\n<p>De la r\u00e9novation d&rsquo;installations existantes \u00e0 la construction de nouvelles installations, SCOTTA Group peut agir comme un point de contact unique pour le client pendant toutes les phases d&rsquo;une installation, offrant ainsi un service complet.<\/p>\n","protected":false},"excerpt":{"rendered":"<p>Plus de trente ans d&rsquo;exp\u00e9rience ont permis au groupe de consolider les pratiques op\u00e9rationnelles qui lui permettent d&rsquo;offrir diff\u00e9rents types [&hellip;]<\/p>\n","protected":false},"author":1,"featured_media":0,"parent":0,"menu_order":0,"comment_status":"closed","ping_status":"closed","template":"FR-tmp-idroelettrico.php","meta":{"footnotes":""},"class_list":["post-587","page","type-page","status-publish","hentry"],"acf":[],"_links":{"self":[{"href":"https:\/\/www.scotta.it\/fr\/wp-json\/wp\/v2\/pages\/587","targetHints":{"allow":["GET"]}}],"collection":[{"href":"https:\/\/www.scotta.it\/fr\/wp-json\/wp\/v2\/pages"}],"about":[{"href":"https:\/\/www.scotta.it\/fr\/wp-json\/wp\/v2\/types\/page"}],"author":[{"embeddable":true,"href":"https:\/\/www.scotta.it\/fr\/wp-json\/wp\/v2\/users\/1"}],"replies":[{"embeddable":true,"href":"https:\/\/www.scotta.it\/fr\/wp-json\/wp\/v2\/comments?post=587"}],"version-history":[{"count":2,"href":"https:\/\/www.scotta.it\/fr\/wp-json\/wp\/v2\/pages\/587\/revisions"}],"predecessor-version":[{"id":836,"href":"https:\/\/www.scotta.it\/fr\/wp-json\/wp\/v2\/pages\/587\/revisions\/836"}],"wp:attachment":[{"href":"https:\/\/www.scotta.it\/fr\/wp-json\/wp\/v2\/media?parent=587"}],"curies":[{"name":"wp","href":"https:\/\/api.w.org\/{rel}","templated":true}]}}