{"id":581,"date":"2022-02-16T17:21:51","date_gmt":"2022-02-16T16:21:51","guid":{"rendered":"https:\/\/www.scotta.it\/?page_id=581"},"modified":"2022-02-23T10:36:25","modified_gmt":"2022-02-23T09:36:25","slug":"marches-et-sites","status":"publish","type":"page","link":"https:\/\/www.scotta.it\/fr\/marches-et-sites\/","title":{"rendered":"March\u00e9s et sites"},"content":{"rendered":"<p>Originaire du Pi\u00e9mont et ayant grandi dans le monde entier, SCOTTA a su devenir une r\u00e9alit\u00e9 d&rsquo;excellence internationale dans le domaine des syst\u00e8mes automatis\u00e9s.<br \/>\nLe Chili, la France, l&rsquo;Albanie, l&rsquo;Ukraine et la Roumanie ne sont que quelques-uns des pays dans lesquels l&rsquo;entreprise a mis en \u0153uvre des projets de gestion autonome des sites et du personnel local.<\/p>\n","protected":false},"excerpt":{"rendered":"<p>Originaire du Pi\u00e9mont et ayant grandi dans le monde entier, SCOTTA a su devenir une r\u00e9alit\u00e9 d&rsquo;excellence internationale dans le [&hellip;]<\/p>\n","protected":false},"author":1,"featured_media":0,"parent":0,"menu_order":0,"comment_status":"closed","ping_status":"closed","template":"FR-tmp-sedi.php","meta":{"footnotes":""},"class_list":["post-581","page","type-page","status-publish","hentry"],"acf":[],"_links":{"self":[{"href":"https:\/\/www.scotta.it\/fr\/wp-json\/wp\/v2\/pages\/581","targetHints":{"allow":["GET"]}}],"collection":[{"href":"https:\/\/www.scotta.it\/fr\/wp-json\/wp\/v2\/pages"}],"about":[{"href":"https:\/\/www.scotta.it\/fr\/wp-json\/wp\/v2\/types\/page"}],"author":[{"embeddable":true,"href":"https:\/\/www.scotta.it\/fr\/wp-json\/wp\/v2\/users\/1"}],"replies":[{"embeddable":true,"href":"https:\/\/www.scotta.it\/fr\/wp-json\/wp\/v2\/comments?post=581"}],"version-history":[{"count":2,"href":"https:\/\/www.scotta.it\/fr\/wp-json\/wp\/v2\/pages\/581\/revisions"}],"predecessor-version":[{"id":835,"href":"https:\/\/www.scotta.it\/fr\/wp-json\/wp\/v2\/pages\/581\/revisions\/835"}],"wp:attachment":[{"href":"https:\/\/www.scotta.it\/fr\/wp-json\/wp\/v2\/media?parent=581"}],"curies":[{"name":"wp","href":"https:\/\/api.w.org\/{rel}","templated":true}]}}