{"id":575,"date":"2022-02-16T15:17:26","date_gmt":"2022-02-16T14:17:26","guid":{"rendered":"https:\/\/www.scotta.it\/?page_id=575"},"modified":"2026-03-26T16:21:54","modified_gmt":"2026-03-26T15:21:54","slug":"valeurs","status":"publish","type":"page","link":"https:\/\/www.scotta.it\/fr\/valeurs\/","title":{"rendered":"Valeurs"},"content":{"rendered":"<p>SCOTTA r\u00e9sume, au sein de l&rsquo;entreprise, la tradition, les connaissances et les valeurs du savoir-faire artisanal italien. Des valeurs capables de se traduire en actions concr\u00e8tes, fruit d&rsquo;un engagement constant, mis en \u0153uvre jour apr\u00e8s jour, pour r\u00e9pondre aux besoins toujours plus diversifi\u00e9s des clients.<\/p>\n","protected":false},"excerpt":{"rendered":"<p>SCOTTA r\u00e9sume, au sein de l&rsquo;entreprise, la tradition, les connaissances et les valeurs du savoir-faire artisanal italien. Des valeurs capables [&hellip;]<\/p>\n","protected":false},"author":1,"featured_media":0,"parent":0,"menu_order":0,"comment_status":"closed","ping_status":"closed","template":"FR-tmp-valori.php","meta":{"footnotes":""},"class_list":["post-575","page","type-page","status-publish","hentry"],"acf":[],"_links":{"self":[{"href":"https:\/\/www.scotta.it\/fr\/wp-json\/wp\/v2\/pages\/575","targetHints":{"allow":["GET"]}}],"collection":[{"href":"https:\/\/www.scotta.it\/fr\/wp-json\/wp\/v2\/pages"}],"about":[{"href":"https:\/\/www.scotta.it\/fr\/wp-json\/wp\/v2\/types\/page"}],"author":[{"embeddable":true,"href":"https:\/\/www.scotta.it\/fr\/wp-json\/wp\/v2\/users\/1"}],"replies":[{"embeddable":true,"href":"https:\/\/www.scotta.it\/fr\/wp-json\/wp\/v2\/comments?post=575"}],"version-history":[{"count":9,"href":"https:\/\/www.scotta.it\/fr\/wp-json\/wp\/v2\/pages\/575\/revisions"}],"predecessor-version":[{"id":1291,"href":"https:\/\/www.scotta.it\/fr\/wp-json\/wp\/v2\/pages\/575\/revisions\/1291"}],"wp:attachment":[{"href":"https:\/\/www.scotta.it\/fr\/wp-json\/wp\/v2\/media?parent=575"}],"curies":[{"name":"wp","href":"https:\/\/api.w.org\/{rel}","templated":true}]}}