{"id":569,"date":"2022-02-16T12:48:13","date_gmt":"2022-02-16T11:48:13","guid":{"rendered":"https:\/\/www.scotta.it\/?page_id=569"},"modified":"2022-02-23T10:35:42","modified_gmt":"2022-02-23T09:35:42","slug":"histoire","status":"publish","type":"page","link":"https:\/\/www.scotta.it\/fr\/histoire\/","title":{"rendered":"Histoire"},"content":{"rendered":"<p>Le parcours du groupe SCOTTA commence en 1987, lorsque les quatre associ\u00e9s fondateurs d\u00e9cident d&rsquo;investir dans le secteur de l&rsquo;automatisation \u00e9lectrique : SCOTTA Energia Automazioni voit le jour.<\/p>\n<p>Aujourd&rsquo;hui, SCOTTA est un groupe sp\u00e9cialis\u00e9 dans la conception, la construction et l&rsquo;installation de centrales hydro\u00e9lectriques, de centrales de production d&rsquo;\u00e9nergie et d&rsquo;automatisation industrielle, caract\u00e9ris\u00e9 par une innovation continue et constante.<\/p>\n","protected":false},"excerpt":{"rendered":"<p>Le parcours du groupe SCOTTA commence en 1987, lorsque les quatre associ\u00e9s fondateurs d\u00e9cident d&rsquo;investir dans le secteur de l&rsquo;automatisation [&hellip;]<\/p>\n","protected":false},"author":1,"featured_media":0,"parent":0,"menu_order":0,"comment_status":"closed","ping_status":"closed","template":"FR-tmp-storia.php","meta":{"footnotes":""},"class_list":["post-569","page","type-page","status-publish","hentry"],"acf":[],"_links":{"self":[{"href":"https:\/\/www.scotta.it\/fr\/wp-json\/wp\/v2\/pages\/569","targetHints":{"allow":["GET"]}}],"collection":[{"href":"https:\/\/www.scotta.it\/fr\/wp-json\/wp\/v2\/pages"}],"about":[{"href":"https:\/\/www.scotta.it\/fr\/wp-json\/wp\/v2\/types\/page"}],"author":[{"embeddable":true,"href":"https:\/\/www.scotta.it\/fr\/wp-json\/wp\/v2\/users\/1"}],"replies":[{"embeddable":true,"href":"https:\/\/www.scotta.it\/fr\/wp-json\/wp\/v2\/comments?post=569"}],"version-history":[{"count":3,"href":"https:\/\/www.scotta.it\/fr\/wp-json\/wp\/v2\/pages\/569\/revisions"}],"predecessor-version":[{"id":833,"href":"https:\/\/www.scotta.it\/fr\/wp-json\/wp\/v2\/pages\/569\/revisions\/833"}],"wp:attachment":[{"href":"https:\/\/www.scotta.it\/fr\/wp-json\/wp\/v2\/media?parent=569"}],"curies":[{"name":"wp","href":"https:\/\/api.w.org\/{rel}","templated":true}]}}