{"id":548,"date":"2022-02-16T11:29:12","date_gmt":"2022-02-16T10:29:12","guid":{"rendered":"https:\/\/www.scotta.it\/?page_id=548"},"modified":"2022-02-23T11:18:31","modified_gmt":"2022-02-23T10:18:31","slug":"home","status":"publish","type":"page","link":"https:\/\/www.scotta.it\/fr\/","title":{"rendered":"Accueil"},"content":{"rendered":"<p>Le groupe SCOTTA.<\/p>\n<p>Fond\u00e9e en 1987 en Italie, elle est sp\u00e9cialis\u00e9e dans la conception, la construction et l&rsquo;installation de centrales hydro\u00e9lectriques, d&rsquo;installations de production d&rsquo;\u00e9nergie et d&rsquo;automatisation industrielle.<\/p>\n<p>Une activit\u00e9 qui se poursuit avec une croissance continue gr\u00e2ce \u00e0 l&rsquo;accent mis sur l&rsquo;innovation et la diversification.<\/p>\n","protected":false},"excerpt":{"rendered":"<p>Le groupe SCOTTA. Fond\u00e9e en 1987 en Italie, elle est sp\u00e9cialis\u00e9e dans la conception, la construction et l&rsquo;installation de centrales [&hellip;]<\/p>\n","protected":false},"author":1,"featured_media":0,"parent":0,"menu_order":0,"comment_status":"closed","ping_status":"closed","template":"FR-tmp-home.php","meta":{"footnotes":""},"class_list":["post-548","page","type-page","status-publish","hentry"],"acf":[],"_links":{"self":[{"href":"https:\/\/www.scotta.it\/fr\/wp-json\/wp\/v2\/pages\/548","targetHints":{"allow":["GET"]}}],"collection":[{"href":"https:\/\/www.scotta.it\/fr\/wp-json\/wp\/v2\/pages"}],"about":[{"href":"https:\/\/www.scotta.it\/fr\/wp-json\/wp\/v2\/types\/page"}],"author":[{"embeddable":true,"href":"https:\/\/www.scotta.it\/fr\/wp-json\/wp\/v2\/users\/1"}],"replies":[{"embeddable":true,"href":"https:\/\/www.scotta.it\/fr\/wp-json\/wp\/v2\/comments?post=548"}],"version-history":[{"count":3,"href":"https:\/\/www.scotta.it\/fr\/wp-json\/wp\/v2\/pages\/548\/revisions"}],"predecessor-version":[{"id":787,"href":"https:\/\/www.scotta.it\/fr\/wp-json\/wp\/v2\/pages\/548\/revisions\/787"}],"wp:attachment":[{"href":"https:\/\/www.scotta.it\/fr\/wp-json\/wp\/v2\/media?parent=548"}],"curies":[{"name":"wp","href":"https:\/\/api.w.org\/{rel}","templated":true}]}}