{"id":621,"date":"2022-02-17T11:18:54","date_gmt":"2022-02-17T10:18:54","guid":{"rendered":"https:\/\/www.scotta.it\/?page_id=621"},"modified":"2022-02-23T10:33:28","modified_gmt":"2022-02-23T09:33:28","slug":"fotovoltaico","status":"publish","type":"page","link":"https:\/\/www.scotta.it\/es\/fotovoltaico\/","title":{"rendered":"Fotovoltaico"},"content":{"rendered":"<p>SCOTTA mira hacia el futuro, por tanto intenta constantemente diversificar su portafolio de proyectos y sistemas de generaci\u00f3n de energ\u00eda. Es por esto que SCOTTA tambi\u00e9n est\u00e1 involucrada en el desarrollo de proyectos fotovoltaicos en Chile y m\u00e1s recientemente en Italia.<\/p>\n<p>En colaboraci\u00f3n con empresas especializadas en el desarrollo de proyectos fotovoltaicos, hemos elaborado un interesante portafolio de proyectos previstos en el \u00e1rea centro-norte de Chile, en Italia y en otros pa\u00edses donde ya estamos operando con otros tipos de servicios.<\/p>\n","protected":false},"excerpt":{"rendered":"<p>SCOTTA mira hacia el futuro, por tanto intenta constantemente diversificar su portafolio de proyectos y sistemas de generaci\u00f3n de energ\u00eda. [&hellip;]<\/p>\n","protected":false},"author":1,"featured_media":0,"parent":0,"menu_order":0,"comment_status":"closed","ping_status":"closed","template":"ES-tmp-fotovoltaico.php","meta":{"footnotes":""},"class_list":["post-621","page","type-page","status-publish","hentry"],"acf":[],"_links":{"self":[{"href":"https:\/\/www.scotta.it\/es\/wp-json\/wp\/v2\/pages\/621","targetHints":{"allow":["GET"]}}],"collection":[{"href":"https:\/\/www.scotta.it\/es\/wp-json\/wp\/v2\/pages"}],"about":[{"href":"https:\/\/www.scotta.it\/es\/wp-json\/wp\/v2\/types\/page"}],"author":[{"embeddable":true,"href":"https:\/\/www.scotta.it\/es\/wp-json\/wp\/v2\/users\/1"}],"replies":[{"embeddable":true,"href":"https:\/\/www.scotta.it\/es\/wp-json\/wp\/v2\/comments?post=621"}],"version-history":[{"count":2,"href":"https:\/\/www.scotta.it\/es\/wp-json\/wp\/v2\/pages\/621\/revisions"}],"predecessor-version":[{"id":828,"href":"https:\/\/www.scotta.it\/es\/wp-json\/wp\/v2\/pages\/621\/revisions\/828"}],"wp:attachment":[{"href":"https:\/\/www.scotta.it\/es\/wp-json\/wp\/v2\/media?parent=621"}],"curies":[{"name":"wp","href":"https:\/\/api.w.org\/{rel}","templated":true}]}}