{"id":615,"date":"2022-02-17T09:53:07","date_gmt":"2022-02-17T08:53:07","guid":{"rendered":"https:\/\/www.scotta.it\/?page_id=615"},"modified":"2022-02-23T10:33:00","modified_gmt":"2022-02-23T09:33:00","slug":"uso-y-mantenimiento","status":"publish","type":"page","link":"https:\/\/www.scotta.it\/es\/hidroelectrico\/uso-y-mantenimiento\/","title":{"rendered":"Uso y mantenimiento"},"content":{"rendered":"<p>Todo el conocimiento y la experiencia adquiridos en a\u00f1os de trabajo, ingenier\u00eda, montaje, construcci\u00f3n, gesti\u00f3n y mantenimiento de centrales hidroel\u00e9ctricas han sido recopilados en una unidad especializada en las actividades de Operations &#038; Maintenance.<\/p>\n<p>Desde la gesti\u00f3n diaria de la central, hasta la formulaci\u00f3n de informes de facturaci\u00f3n para la venta de la energ\u00eda, pasando luego por todos los servicios necesarios a fin de reducir los per\u00edodos de parada de la instalaci\u00f3n y maximizar la producci\u00f3n de la central a cargo.<\/p>\n<p>Una serie de actividades esenciales para el correcto funcionamiento y la rentabilidad de la central.<\/p>\n","protected":false},"excerpt":{"rendered":"<p>Todo el conocimiento y la experiencia adquiridos en a\u00f1os de trabajo, ingenier\u00eda, montaje, construcci\u00f3n, gesti\u00f3n y mantenimiento de centrales hidroel\u00e9ctricas [&hellip;]<\/p>\n","protected":false},"author":1,"featured_media":0,"parent":589,"menu_order":0,"comment_status":"closed","ping_status":"closed","template":"ES-tmp-assistenza-e-manutenzione.php","meta":{"footnotes":""},"class_list":["post-615","page","type-page","status-publish","hentry"],"acf":[],"_links":{"self":[{"href":"https:\/\/www.scotta.it\/es\/wp-json\/wp\/v2\/pages\/615","targetHints":{"allow":["GET"]}}],"collection":[{"href":"https:\/\/www.scotta.it\/es\/wp-json\/wp\/v2\/pages"}],"about":[{"href":"https:\/\/www.scotta.it\/es\/wp-json\/wp\/v2\/types\/page"}],"author":[{"embeddable":true,"href":"https:\/\/www.scotta.it\/es\/wp-json\/wp\/v2\/users\/1"}],"replies":[{"embeddable":true,"href":"https:\/\/www.scotta.it\/es\/wp-json\/wp\/v2\/comments?post=615"}],"version-history":[{"count":2,"href":"https:\/\/www.scotta.it\/es\/wp-json\/wp\/v2\/pages\/615\/revisions"}],"predecessor-version":[{"id":827,"href":"https:\/\/www.scotta.it\/es\/wp-json\/wp\/v2\/pages\/615\/revisions\/827"}],"up":[{"embeddable":true,"href":"https:\/\/www.scotta.it\/es\/wp-json\/wp\/v2\/pages\/589"}],"wp:attachment":[{"href":"https:\/\/www.scotta.it\/es\/wp-json\/wp\/v2\/media?parent=615"}],"curies":[{"name":"wp","href":"https:\/\/api.w.org\/{rel}","templated":true}]}}