{"id":607,"date":"2022-02-17T09:03:19","date_gmt":"2022-02-17T08:03:19","guid":{"rendered":"https:\/\/www.scotta.it\/?page_id=607"},"modified":"2022-02-23T10:32:36","modified_gmt":"2022-02-23T09:32:36","slug":"recomposicion-de-instalaciones","status":"publish","type":"page","link":"https:\/\/www.scotta.it\/es\/hidroelectrico\/recomposicion-de-instalaciones\/","title":{"rendered":"Recomposici\u00f3n de instalaciones"},"content":{"rendered":"<p>Una central hidroel\u00e9ctrica tiene un ciclo de vida previsto de m\u00e1s de 50 a\u00f1os. Con la experiencia de m\u00e1s de 200 plantas refaccionadas en Europa, el Grupo ayuda a sus clientes a mantener sus instalaciones en funci\u00f3n por el mayor tiempo posible y en las mejores condiciones para garantizar la eficiencia productiva y econ\u00f3mica de la misma.<\/p>\n<p>SCOTTA ofrece servicios de refacci\u00f3n de viejas instalaciones, entre ellos: sustituci\u00f3n de turbinas y\/o generadores, sustituci\u00f3n de cuadros el\u00e9ctricos, adaptaci\u00f3n normativa de las instalaciones, mejoras para aumentar la eficiencia de las mismas.<\/p>\n","protected":false},"excerpt":{"rendered":"<p>Una central hidroel\u00e9ctrica tiene un ciclo de vida previsto de m\u00e1s de 50 a\u00f1os. Con la experiencia de m\u00e1s de [&hellip;]<\/p>\n","protected":false},"author":1,"featured_media":0,"parent":589,"menu_order":0,"comment_status":"closed","ping_status":"closed","template":"ES-tmp-ricondizionamento.php","meta":{"footnotes":""},"class_list":["post-607","page","type-page","status-publish","hentry"],"acf":[],"_links":{"self":[{"href":"https:\/\/www.scotta.it\/es\/wp-json\/wp\/v2\/pages\/607","targetHints":{"allow":["GET"]}}],"collection":[{"href":"https:\/\/www.scotta.it\/es\/wp-json\/wp\/v2\/pages"}],"about":[{"href":"https:\/\/www.scotta.it\/es\/wp-json\/wp\/v2\/types\/page"}],"author":[{"embeddable":true,"href":"https:\/\/www.scotta.it\/es\/wp-json\/wp\/v2\/users\/1"}],"replies":[{"embeddable":true,"href":"https:\/\/www.scotta.it\/es\/wp-json\/wp\/v2\/comments?post=607"}],"version-history":[{"count":2,"href":"https:\/\/www.scotta.it\/es\/wp-json\/wp\/v2\/pages\/607\/revisions"}],"predecessor-version":[{"id":826,"href":"https:\/\/www.scotta.it\/es\/wp-json\/wp\/v2\/pages\/607\/revisions\/826"}],"up":[{"embeddable":true,"href":"https:\/\/www.scotta.it\/es\/wp-json\/wp\/v2\/pages\/589"}],"wp:attachment":[{"href":"https:\/\/www.scotta.it\/es\/wp-json\/wp\/v2\/media?parent=607"}],"curies":[{"name":"wp","href":"https:\/\/api.w.org\/{rel}","templated":true}]}}