{"id":603,"date":"2022-02-17T08:47:26","date_gmt":"2022-02-17T07:47:26","guid":{"rendered":"https:\/\/www.scotta.it\/?page_id=603"},"modified":"2022-02-23T10:32:15","modified_gmt":"2022-02-23T09:32:15","slug":"soluciones-epc","status":"publish","type":"page","link":"https:\/\/www.scotta.it\/es\/hidroelectrico\/soluciones-epc\/","title":{"rendered":"Soluciones EPC"},"content":{"rendered":"<p>Una planificaci\u00f3n completa del proyecto representa la base del \u00e9xito. Es por esto que nuestro equipo de expertos cualificados planifica, prueba y dise\u00f1a profesionalmente cada proyecto incluso en los detalles m\u00e1s peque\u00f1os. A trav\u00e9s de entrevistas con los clientes se recopilan ideas y necesidades y se elaboran en consecuencia los planes de realizaci\u00f3n.<\/p>\n<p>Dibujos bidimensionales y tridimensionales aseguran la optimizaci\u00f3n de los equipos en la fase de planificaci\u00f3n, que representa la base de un correcto plan de instalaci\u00f3n y la planificaci\u00f3n detallada de la planta.<\/p>\n","protected":false},"excerpt":{"rendered":"<p>Una planificaci\u00f3n completa del proyecto representa la base del \u00e9xito. Es por esto que nuestro equipo de expertos cualificados planifica, [&hellip;]<\/p>\n","protected":false},"author":1,"featured_media":0,"parent":589,"menu_order":0,"comment_status":"closed","ping_status":"closed","template":"ES-tmp-soluzioni-EPC.php","meta":{"footnotes":""},"class_list":["post-603","page","type-page","status-publish","hentry"],"acf":[],"_links":{"self":[{"href":"https:\/\/www.scotta.it\/es\/wp-json\/wp\/v2\/pages\/603","targetHints":{"allow":["GET"]}}],"collection":[{"href":"https:\/\/www.scotta.it\/es\/wp-json\/wp\/v2\/pages"}],"about":[{"href":"https:\/\/www.scotta.it\/es\/wp-json\/wp\/v2\/types\/page"}],"author":[{"embeddable":true,"href":"https:\/\/www.scotta.it\/es\/wp-json\/wp\/v2\/users\/1"}],"replies":[{"embeddable":true,"href":"https:\/\/www.scotta.it\/es\/wp-json\/wp\/v2\/comments?post=603"}],"version-history":[{"count":2,"href":"https:\/\/www.scotta.it\/es\/wp-json\/wp\/v2\/pages\/603\/revisions"}],"predecessor-version":[{"id":825,"href":"https:\/\/www.scotta.it\/es\/wp-json\/wp\/v2\/pages\/603\/revisions\/825"}],"up":[{"embeddable":true,"href":"https:\/\/www.scotta.it\/es\/wp-json\/wp\/v2\/pages\/589"}],"wp:attachment":[{"href":"https:\/\/www.scotta.it\/es\/wp-json\/wp\/v2\/media?parent=603"}],"curies":[{"name":"wp","href":"https:\/\/api.w.org\/{rel}","templated":true}]}}