{"id":589,"date":"2022-02-16T18:10:19","date_gmt":"2022-02-16T17:10:19","guid":{"rendered":"https:\/\/www.scotta.it\/?page_id=589"},"modified":"2022-02-23T10:31:21","modified_gmt":"2022-02-23T09:31:21","slug":"hidroelectrico","status":"publish","type":"page","link":"https:\/\/www.scotta.it\/es\/hidroelectrico\/","title":{"rendered":"Hidroel\u00e9ctrico"},"content":{"rendered":"<p>M\u00e1s de 30 a\u00f1os de experiencia le han permitido al Grupo SCOTTA consolidar la praxis operativa que permite ofrecer diferentes tipos de servicios para el sector hidroel\u00e9ctrico.<\/p>\n<p>Desde la renovaci\u00f3n de las instalaciones existentes hasta la construcci\u00f3n ex-novo, SCOTTA Group puede presentarse como interlocutor \u00fanico para el Cliente durante todas las fases de realizaci\u00f3n de una instalaci\u00f3n, ofreciendo un servicio completo a 360\u00b0.<\/p>\n","protected":false},"excerpt":{"rendered":"<p>M\u00e1s de 30 a\u00f1os de experiencia le han permitido al Grupo SCOTTA consolidar la praxis operativa que permite ofrecer diferentes [&hellip;]<\/p>\n","protected":false},"author":1,"featured_media":0,"parent":0,"menu_order":0,"comment_status":"closed","ping_status":"closed","template":"ES-tmp-idroelettrico.php","meta":{"footnotes":""},"class_list":["post-589","page","type-page","status-publish","hentry"],"acf":[],"_links":{"self":[{"href":"https:\/\/www.scotta.it\/es\/wp-json\/wp\/v2\/pages\/589","targetHints":{"allow":["GET"]}}],"collection":[{"href":"https:\/\/www.scotta.it\/es\/wp-json\/wp\/v2\/pages"}],"about":[{"href":"https:\/\/www.scotta.it\/es\/wp-json\/wp\/v2\/types\/page"}],"author":[{"embeddable":true,"href":"https:\/\/www.scotta.it\/es\/wp-json\/wp\/v2\/users\/1"}],"replies":[{"embeddable":true,"href":"https:\/\/www.scotta.it\/es\/wp-json\/wp\/v2\/comments?post=589"}],"version-history":[{"count":2,"href":"https:\/\/www.scotta.it\/es\/wp-json\/wp\/v2\/pages\/589\/revisions"}],"predecessor-version":[{"id":823,"href":"https:\/\/www.scotta.it\/es\/wp-json\/wp\/v2\/pages\/589\/revisions\/823"}],"wp:attachment":[{"href":"https:\/\/www.scotta.it\/es\/wp-json\/wp\/v2\/media?parent=589"}],"curies":[{"name":"wp","href":"https:\/\/api.w.org\/{rel}","templated":true}]}}