{"id":583,"date":"2022-02-16T17:30:54","date_gmt":"2022-02-16T16:30:54","guid":{"rendered":"https:\/\/www.scotta.it\/?page_id=583"},"modified":"2022-02-23T10:30:56","modified_gmt":"2022-02-23T09:30:56","slug":"mercados-y-sedes","status":"publish","type":"page","link":"https:\/\/www.scotta.it\/es\/mercados-y-sedes\/","title":{"rendered":"Mercados y sedes"},"content":{"rendered":"<p>Nacida en el Piamonte, y crecida en todo el mundo, SCOTTA ha sabido convertirse en una realidad de excelencia internacional en el sector de las instalaciones automatizadas.<br \/>\nChile, Francia, Albania, Ucrania y Ruman\u00eda, son s\u00f3lo algunos de los pa\u00edses en los que la empresa ha realizado proyectos para la gesti\u00f3n, de forma totalmente aut\u00f3noma, de obras y personal local.<\/p>\n","protected":false},"excerpt":{"rendered":"<p>Nacida en el Piamonte, y crecida en todo el mundo, SCOTTA ha sabido convertirse en una realidad de excelencia internacional [&hellip;]<\/p>\n","protected":false},"author":1,"featured_media":0,"parent":0,"menu_order":0,"comment_status":"closed","ping_status":"closed","template":"ES-tmp-sedi.php","meta":{"footnotes":""},"class_list":["post-583","page","type-page","status-publish","hentry"],"acf":[],"_links":{"self":[{"href":"https:\/\/www.scotta.it\/es\/wp-json\/wp\/v2\/pages\/583","targetHints":{"allow":["GET"]}}],"collection":[{"href":"https:\/\/www.scotta.it\/es\/wp-json\/wp\/v2\/pages"}],"about":[{"href":"https:\/\/www.scotta.it\/es\/wp-json\/wp\/v2\/types\/page"}],"author":[{"embeddable":true,"href":"https:\/\/www.scotta.it\/es\/wp-json\/wp\/v2\/users\/1"}],"replies":[{"embeddable":true,"href":"https:\/\/www.scotta.it\/es\/wp-json\/wp\/v2\/comments?post=583"}],"version-history":[{"count":2,"href":"https:\/\/www.scotta.it\/es\/wp-json\/wp\/v2\/pages\/583\/revisions"}],"predecessor-version":[{"id":822,"href":"https:\/\/www.scotta.it\/es\/wp-json\/wp\/v2\/pages\/583\/revisions\/822"}],"wp:attachment":[{"href":"https:\/\/www.scotta.it\/es\/wp-json\/wp\/v2\/media?parent=583"}],"curies":[{"name":"wp","href":"https:\/\/api.w.org\/{rel}","templated":true}]}}