{"id":571,"date":"2022-02-16T12:49:21","date_gmt":"2022-02-16T11:49:21","guid":{"rendered":"https:\/\/www.scotta.it\/?page_id=571"},"modified":"2022-02-23T10:30:16","modified_gmt":"2022-02-23T09:30:16","slug":"historia","status":"publish","type":"page","link":"https:\/\/www.scotta.it\/es\/historia\/","title":{"rendered":"Historia"},"content":{"rendered":"<p>El camino del Grupo SCOTTA comienza en 1987, cuando los 4 socios fundadores deciden invertir en el sector de la automatizaci\u00f3n el\u00e9ctrica: nace SCOTTA Energia Automazioni.<\/p>\n<p>Hoy SCOTTA es un grupo especializado en el dise\u00f1o, la realizaci\u00f3n y la instalaci\u00f3n de centrales hidroel\u00e9ctricas, plantas para la generaci\u00f3n de energ\u00eda el\u00e9ctrica y automatizaciones industriales, caracterizado por la constante innovaci\u00f3n.<\/p>\n","protected":false},"excerpt":{"rendered":"<p>El camino del Grupo SCOTTA comienza en 1987, cuando los 4 socios fundadores deciden invertir en el sector de la [&hellip;]<\/p>\n","protected":false},"author":1,"featured_media":0,"parent":0,"menu_order":0,"comment_status":"closed","ping_status":"closed","template":"ES-tmp-storia.php","meta":{"footnotes":""},"class_list":["post-571","page","type-page","status-publish","hentry"],"acf":[],"_links":{"self":[{"href":"https:\/\/www.scotta.it\/es\/wp-json\/wp\/v2\/pages\/571","targetHints":{"allow":["GET"]}}],"collection":[{"href":"https:\/\/www.scotta.it\/es\/wp-json\/wp\/v2\/pages"}],"about":[{"href":"https:\/\/www.scotta.it\/es\/wp-json\/wp\/v2\/types\/page"}],"author":[{"embeddable":true,"href":"https:\/\/www.scotta.it\/es\/wp-json\/wp\/v2\/users\/1"}],"replies":[{"embeddable":true,"href":"https:\/\/www.scotta.it\/es\/wp-json\/wp\/v2\/comments?post=571"}],"version-history":[{"count":2,"href":"https:\/\/www.scotta.it\/es\/wp-json\/wp\/v2\/pages\/571\/revisions"}],"predecessor-version":[{"id":820,"href":"https:\/\/www.scotta.it\/es\/wp-json\/wp\/v2\/pages\/571\/revisions\/820"}],"wp:attachment":[{"href":"https:\/\/www.scotta.it\/es\/wp-json\/wp\/v2\/media?parent=571"}],"curies":[{"name":"wp","href":"https:\/\/api.w.org\/{rel}","templated":true}]}}