{"id":552,"date":"2022-02-16T11:45:36","date_gmt":"2022-02-16T10:45:36","guid":{"rendered":"https:\/\/www.scotta.it\/?page_id=552"},"modified":"2022-02-23T10:02:54","modified_gmt":"2022-02-23T09:02:54","slug":"552-2","status":"publish","type":"page","link":"https:\/\/www.scotta.it\/es\/","title":{"rendered":"P\u00e1gina de inicio"},"content":{"rendered":"<p>El grupo Scotta.<\/p>\n<p>Fundado en 1987 en Italia, est\u00e1 especializado en el dise\u00f1o, la realizaci\u00f3n y la instalaci\u00f3n de centrales hidroel\u00e9ctricas, plantas para la generaci\u00f3n de energ\u00eda el\u00e9ctrica y automatizaci\u00f3n industrial.<\/p>\n<p>Una actividad llevada adelante con crecimiento continuo gracias a un enfoque hacia la innovaci\u00f3n y la diversificaci\u00f3n.<\/p>\n","protected":false},"excerpt":{"rendered":"<p>El grupo Scotta. Fundado en 1987 en Italia, est\u00e1 especializado en el dise\u00f1o, la realizaci\u00f3n y la instalaci\u00f3n de centrales [&hellip;]<\/p>\n","protected":false},"author":1,"featured_media":0,"parent":0,"menu_order":0,"comment_status":"closed","ping_status":"closed","template":"ES-tmp-home.php","meta":{"footnotes":""},"class_list":["post-552","page","type-page","status-publish","hentry"],"acf":[],"_links":{"self":[{"href":"https:\/\/www.scotta.it\/es\/wp-json\/wp\/v2\/pages\/552","targetHints":{"allow":["GET"]}}],"collection":[{"href":"https:\/\/www.scotta.it\/es\/wp-json\/wp\/v2\/pages"}],"about":[{"href":"https:\/\/www.scotta.it\/es\/wp-json\/wp\/v2\/types\/page"}],"author":[{"embeddable":true,"href":"https:\/\/www.scotta.it\/es\/wp-json\/wp\/v2\/users\/1"}],"replies":[{"embeddable":true,"href":"https:\/\/www.scotta.it\/es\/wp-json\/wp\/v2\/comments?post=552"}],"version-history":[{"count":3,"href":"https:\/\/www.scotta.it\/es\/wp-json\/wp\/v2\/pages\/552\/revisions"}],"predecessor-version":[{"id":790,"href":"https:\/\/www.scotta.it\/es\/wp-json\/wp\/v2\/pages\/552\/revisions\/790"}],"wp:attachment":[{"href":"https:\/\/www.scotta.it\/es\/wp-json\/wp\/v2\/media?parent=552"}],"curies":[{"name":"wp","href":"https:\/\/api.w.org\/{rel}","templated":true}]}}