{"id":1346,"date":"2026-05-12T17:36:43","date_gmt":"2026-05-12T16:36:43","guid":{"rendered":"https:\/\/www.scotta.it\/?page_id=1346"},"modified":"2026-05-12T17:38:23","modified_gmt":"2026-05-12T16:38:23","slug":"trabaja-con-nosotros","status":"publish","type":"page","link":"https:\/\/www.scotta.it\/es\/trabaja-con-nosotros\/","title":{"rendered":"Trabaja con nosotros"},"content":{"rendered":"<h2 class=\"h1 text-uppercase\">Construyamos juntos<br \/>\nel futuro de la energ\u00eda<\/h2>\n<p>En SCOTTA creemos en el valor de las personas y en la fuerza de las ideas.<br \/>\n<strong>Buscamos constantemente profesionales motivados, curiosos y dispuestos a crecer con nosotros<\/strong> en un entorno din\u00e1mico, abierto a la innovaci\u00f3n y orientado a los resultados.<\/p>\n<p>La pasi\u00f3n por la tecnolog\u00eda y la innovaci\u00f3n nos impulsa a dar lo mejor cada d\u00eda, mejorando constantemente nuestras soluciones.<br \/>\nValoramos la colaboraci\u00f3n y el trabajo en equipo: la escucha, la confianza y el respeto mutuo son los principios que nos unen y hacen posible nuestra visi\u00f3n de un ma\u00f1ana m\u00e1s sostenible.<\/p>\n<p><strong>Env\u00edanos tu candidatura espont\u00e1nea y cu\u00e9ntanos qui\u00e9n eres.<br \/>\nEl futuro se construye juntos.<\/strong><\/p>\n<p>&nbsp;<\/p>\n<div role=\"form\" class=\"wpcf7\" id=\"wpcf7-f1364-o1\" lang=\"es-ES\" dir=\"ltr\">\n<div class=\"screen-reader-response\"><p role=\"status\" aria-live=\"polite\" aria-atomic=\"true\"><\/p> <ul><\/ul><\/div>\n<form action=\"\/es\/wp-json\/wp\/v2\/pages\/1346#wpcf7-f1364-o1\" method=\"post\" class=\"wpcf7-form init wpcf7-acceptance-as-validation\" enctype=\"multipart\/form-data\" novalidate=\"novalidate\" data-status=\"init\">\n<div style=\"display: none;\">\n<input type=\"hidden\" name=\"_wpcf7\" value=\"1364\" \/>\n<input type=\"hidden\" name=\"_wpcf7_version\" value=\"5.6.4\" \/>\n<input type=\"hidden\" name=\"_wpcf7_locale\" value=\"es_ES\" \/>\n<input type=\"hidden\" name=\"_wpcf7_unit_tag\" value=\"wpcf7-f1364-o1\" \/>\n<input type=\"hidden\" name=\"_wpcf7_container_post\" value=\"0\" \/>\n<input type=\"hidden\" name=\"_wpcf7_posted_data_hash\" value=\"\" \/>\n<input type=\"hidden\" name=\"_wpcf7_recaptcha_response\" value=\"\" \/>\n<\/div>\n<p><label> Apellido y nombre<br \/>\n    <span class=\"wpcf7-form-control-wrap\" data-name=\"your-name\"><input type=\"text\" name=\"your-name\" value=\"\" size=\"40\" class=\"wpcf7-form-control wpcf7-text wpcf7-validates-as-required\" aria-required=\"true\" aria-invalid=\"false\" \/><\/span> <\/label><\/p>\n<p><label> Tu correo electr\u00f3nico<br \/>\n    <span class=\"wpcf7-form-control-wrap\" data-name=\"your-email\"><input type=\"email\" name=\"your-email\" value=\"\" size=\"40\" class=\"wpcf7-form-control wpcf7-text wpcf7-email wpcf7-validates-as-required wpcf7-validates-as-email\" aria-required=\"true\" aria-invalid=\"false\" \/><\/span> <\/label><\/p>\n<p><label> Tu tel\u00e9fono<br \/>\n    <span class=\"wpcf7-form-control-wrap\" data-name=\"your-phone\"><input type=\"text\" name=\"your-phone\" value=\"\" size=\"40\" class=\"wpcf7-form-control wpcf7-text wpcf7-validates-as-required\" aria-required=\"true\" aria-invalid=\"false\" \/><\/span> <\/label><\/p>\n<p><label> Especializaci\u00f3n<br \/>\n<span class=\"wpcf7-form-control-wrap\" data-name=\"specializzazione\"><select name=\"specializzazione\" class=\"wpcf7-form-control wpcf7-select wpcf7-validates-as-required\" aria-required=\"true\" aria-invalid=\"false\"><option value=\"\">---<\/option><option value=\"Proyectista\">Proyectista<\/option><option value=\"Ingeniero civil\">Ingeniero civil<\/option><option value=\"Departamento mec\u00e1nico\">Departamento mec\u00e1nico<\/option><option value=\"Departamento el\u00e9ctrico\">Departamento el\u00e9ctrico<\/option><option value=\"Administraci\u00f3n\">Administraci\u00f3n<\/option><option value=\"Comercial\">Comercial<\/option><option value=\"Otro\">Otro<\/option><\/select><\/span> <\/label><\/p>\n<p><label> Adjunta tu CV<br \/>\n<span class=\"wpcf7-form-control-wrap\" data-name=\"cv\"><input type=\"file\" name=\"cv\" size=\"40\" class=\"wpcf7-form-control wpcf7-file\" accept=\".pdf,.jpg,.png\" aria-invalid=\"false\" \/><\/span> <\/label><\/p>\n<p><label> Tu mensaje (opcional)<br \/>\n    <span class=\"wpcf7-form-control-wrap\" data-name=\"your-message\"><textarea name=\"your-message\" cols=\"40\" rows=\"10\" class=\"wpcf7-form-control wpcf7-textarea\" aria-invalid=\"false\"><\/textarea><\/span> <\/label><\/p>\n<p><span class=\"wpcf7-form-control-wrap\" data-name=\"acceptance-172\"><span class=\"wpcf7-form-control wpcf7-acceptance\"><span class=\"wpcf7-list-item\"><input type=\"checkbox\" name=\"acceptance-172\" value=\"1\" aria-invalid=\"false\" \/><\/span><\/span><\/span> He le\u00eddo la <a href=\"\/privacy-policy\/\" target=\"_blank\">Pol\u00edtica de privacidad<\/a> y consiento el tratamiento de mis datos.<\/p>\n<p><input type=\"submit\" value=\"Enviar\" class=\"wpcf7-form-control has-spinner wpcf7-submit\" \/><\/p>\n<p style=\"display: none !important;\" class=\"akismet-fields-container\" data-prefix=\"_wpcf7_ak_\"><label>&#916;<textarea name=\"_wpcf7_ak_hp_textarea\" cols=\"45\" rows=\"8\" maxlength=\"100\"><\/textarea><\/label><input type=\"hidden\" id=\"ak_js_1\" name=\"_wpcf7_ak_js\" value=\"241\"\/><script type=\"text\/javascript\">\n\/* <![CDATA[ *\/\ndocument.getElementById( \"ak_js_1\" ).setAttribute( \"value\", ( new Date() ).getTime() );\n\/* ]]> *\/\n<\/script>\n<\/p><div class=\"wpcf7-response-output\" aria-hidden=\"true\"><\/div><\/form><\/div>\n","protected":false},"excerpt":{"rendered":"<p>Construyamos juntos el futuro de la energ\u00eda En SCOTTA creemos en el valor de las personas y en la fuerza [&hellip;]<\/p>\n","protected":false},"author":1,"featured_media":0,"parent":0,"menu_order":0,"comment_status":"closed","ping_status":"closed","template":"tmp-lavora-con-noi.php","meta":{"footnotes":""},"class_list":["post-1346","page","type-page","status-publish","hentry"],"acf":[],"_links":{"self":[{"href":"https:\/\/www.scotta.it\/es\/wp-json\/wp\/v2\/pages\/1346","targetHints":{"allow":["GET"]}}],"collection":[{"href":"https:\/\/www.scotta.it\/es\/wp-json\/wp\/v2\/pages"}],"about":[{"href":"https:\/\/www.scotta.it\/es\/wp-json\/wp\/v2\/types\/page"}],"author":[{"embeddable":true,"href":"https:\/\/www.scotta.it\/es\/wp-json\/wp\/v2\/users\/1"}],"replies":[{"embeddable":true,"href":"https:\/\/www.scotta.it\/es\/wp-json\/wp\/v2\/comments?post=1346"}],"version-history":[{"count":4,"href":"https:\/\/www.scotta.it\/es\/wp-json\/wp\/v2\/pages\/1346\/revisions"}],"predecessor-version":[{"id":1350,"href":"https:\/\/www.scotta.it\/es\/wp-json\/wp\/v2\/pages\/1346\/revisions\/1350"}],"wp:attachment":[{"href":"https:\/\/www.scotta.it\/es\/wp-json\/wp\/v2\/media?parent=1346"}],"curies":[{"name":"wp","href":"https:\/\/api.w.org\/{rel}","templated":true}]}}